{"id":37,"date":"2015-09-15T12:11:13","date_gmt":"2015-09-15T12:11:13","guid":{"rendered":"http:\/\/trendsporthalleolten.ch\/wordpress\/?page_id=37"},"modified":"2026-01-25T11:38:11","modified_gmt":"2026-01-25T11:38:11","slug":"kontakt","status":"publish","type":"page","link":"https:\/\/www.trendsporthalleolten.ch\/wordpress\/kontakt\/","title":{"rendered":"Kontakt"},"content":{"rendered":"<p>Die Genossenschaft Trendsporthalle Olten ist ein Projekt mit dem Ziel der F\u00f6rderung des Skate- und Klettersports in der Region Olten und dem Betrieb einer Trendsporthalle!<\/p>\n<p>Weiterlesen: <a href=\"https:\/\/www.trendsporthalleolten.ch\/wordpress\/momentum-ist-offen\/\">Die Trendsporthalle Momentum Olten wurde am 3. November 2018 an der Industriestrasse 142 in Olten er\u00f6ffnet.<\/a><\/p>\n<p>Jetzt alle wichtigen Infos zur Halle auf: <a href=\"http:\/\/www.momentumolten.ch\">www.momentumolten.ch<\/a><\/p>\n<hr \/>\n<p><strong><em>Postadresse der Genossenschaft<br \/>\n<\/em><\/strong><\/p>\n<p>Genossenschaft Trendsporthalle Olten<br \/>\nUntergrundstrasse 43<br \/>\n4600 Olten<\/p>\n<p><a href=\"mailto:info@trendsporthalleolten.ch\">info@trendsporthalleolten.ch<\/a><\/p>\n<p><strong><em>Aktuelle Termine<\/em><\/strong><\/p>\n<p><span id=\"yui_3_16_0_ym19_1_1474828837123_9711\"><em><span id=\"yui_3_16_0_ym19_1_1474828837123_9710\">Genossenschafts-Arbeitstreffen<\/span><\/em><\/span><span id=\"yui_3_16_0_ym19_1_1474828837123_9711\"><br \/>\nDer Vorstand trifft sich mit Vertretern vom Betriebsteam des Momentum einmal im Quartal zur Koordination aktueller Aufgaben<\/span><span id=\"yui_3_16_0_ym19_1_1474828837123_9715\">. <\/span><br \/>\nDie Termine 2026: 21. Januar | 18. M\u00e4rz <span id=\"yui_3_16_0_ym19_1_1474828837123_9716\"><span id=\"yui_3_16_0_ym19_1_1474828837123_9717\">| 13. Mai | 9. September | 25. November<\/span><\/span><\/p>\n<p><em><span id=\"yui_3_16_0_ym19_1_1474828837123_9711\"><span id=\"yui_3_16_0_ym19_1_1474828837123_9710\">Die Generalversammlung<br \/>\n<\/span><\/span><\/em><span id=\"yui_3_16_0_ym19_1_1474828837123_9715\">.. findet am 15. Juni 2026 <\/span>in der Momentum Trendsporthalle <span id=\"yui_3_16_0_ym19_1_1474828837123_9715\">statt. <\/span><span id=\"yui_3_16_0_ym19_1_1474828837123_9715\"><\/span><span id=\"yui_3_16_0_ym19_1_1474828837123_9715\"><\/span><\/p>\n<p>Zus\u00e4tzlich f\u00fchren wir j\u00e4hrlich eine <em>Retraite als Zukunftswerkstatt<\/em> durch: 7. November 2026<\/p>\n<p><strong id=\"yui_3_16_0_ym19_1_1474828837123_9717\"><em>Bring Dich ein!<\/em><\/strong><\/p>\n<p><span id=\"yui_3_16_0_ym19_1_1474828837123_9716\"><span id=\"yui_3_16_0_ym19_1_1474828837123_9717\"><span id=\"yui_3_16_0_ym19_1_1474828837123_9715\">Wir suchen immer aktive Mitglieder f\u00fcr unsere verschiedenen Teams und Aufgaben: im Vorstand, im Betriebsteam (Leitung des Momentum), im Aufsichtsteam, im Schraubteam, im Animations- und Kursleitungs-Team etc.<\/span><\/span><\/span><\/p>\n<p>Aktuell suchen wir helfende H\u00e4nde in folgenden Bereichen: Vorstandsmitglied im Bereich Bau, Kommunikation bzw. Aktuariat (wer h\u00e4lt gern die F\u00e4den zusammen), Unterst\u00fctzung im Bereich Fundraising (wer hilft bei der Sponsorensuche) und das Betriebsteam vom Momentum sucht immer Interessierte f\u00fcr die Bereiche Hauswartung, Aufsicht, Kurse, Animation, Schraubteam..<\/p>\n<p>Wir freuen uns auf Eure Kontaktaufnahme!<\/p>\n<p><strong><em>Weiterf\u00fchrende Links<\/em><\/strong><\/p>\n<p>Facebook-Pr\u00e4senz der Momentum Trendsporthalle Olten<br \/>\n<a href=\"http:\/\/www.facebook.com\/trendsporthalleolten\" target=\"_blank\" rel=\"noopener noreferrer\">www.facebook.com\/trendsporthalleolten<\/a><\/p>\n<p>Statuten der Genossenschaft Trendsporthalle Olten<br \/>\n<a href=\"https:\/\/www.trendsporthalleolten.ch\/wordpress\/wp-content\/uploads\/2019\/07\/Statuten_Genossenschaft-Trendsporthalle-Olten_Juni19.pdf\" target=\"_blank\" rel=\"noopener noreferrer\">Statuten als PDF zum Download<\/a><\/p>\n<p>Website des SAC Sektion Olten<br \/>\n<a href=\"http:\/\/sac-olten.ch\" target=\"_blank\" rel=\"noopener noreferrer\">sac-olten.ch<\/a><\/p>\n<p>Die Genossenschaft Trendsporthalle Olten ist Mitglied der IG Sport Olten<br \/>\n<a href=\"http:\/\/www.igsport-olten.ch\">www.igsport-olten.ch<\/a><\/p>\n<p><strong><em><br \/>\nImpressum<\/em><\/strong><\/p>\n<div class=\"bb_headlineandcopy bb_background_image bb_container bb_color_code_none\">\n<div class=\"bb_headlineandcopy_content article_component site_max_width\">\n<p><em>Anbieterkennzeichnung<\/em><br \/>\nDie Genossenschaft Trendsporthalle Olten ist eine Genossenschaft im Sinne von Art. 828 ff. OR.<br \/>\nDie Dauer der Genossenschaft ist unbeschr\u00e4nkt.<\/p>\n<p><strong><br \/>\n<\/strong><em>Verwaltungsrat<strong><br \/>\n<\/strong><\/em>Alexander Troitzsch, Pr\u00e4sident<br \/>\nCarlo Valsangiacomo, Kassier<br \/>\nMarkus Berger, Technischer Leiter Klettern<br \/>\nMike Wullschleger, Technischer Leiter Skaten<\/p>\n<p><em>Firmennummer im <a href=\"http:\/\/so.powernet.ch\/webservices\/inet\/HRG\/HRG.asmx\/getHRGHTML?chnr=2415013758&amp;amt=241&amp;toBeModified=0&amp;validOnly=0&amp;lang=1&amp;sort=0\" target=\"_blank\" rel=\"noopener noreferrer\">Handelsregister des Kanton Solothurn<\/a><\/em><br \/>\nCHE-455.741.645<\/p>\n<p><em><br \/>\nVerantwortlich f\u00fcr den Inhalt<\/em><br \/>\nInhaltlich Verantwortlicher gem\u00e4ss \u00a7 10, Abs. 3 MDStV:<br \/>\nAlexander Troitzsch, Pr\u00e4sident, Anschrift wie oben<\/p>\n<p><em>Datenschutzhinweise<\/em><br \/>\n<a href=\"https:\/\/www.trendsporthalleolten.ch\/wordpress\/wp-content\/uploads\/2023\/08\/2023-Datenschutzerklaerung.pdf\">Datenschutzerkl\u00e4rung<\/a><\/p>\n<p><strong><br \/>\n<\/strong><em>Nutzungsbedingungen<\/em><br \/>\nDas Copyright f\u00fcr den gesamten Internetauftritt liegt bei der Genossenschaft Trendsporthalle Olten, Bilder und Texte d\u00fcrfen nicht in einem anderen Zusammenhang verwendet und kopiert werden. F\u00fcr Informationen auf der Website der Genossenschaft Trendsporthalle Olten werden s\u00e4mtliche Haftungsanspr\u00fcche ausgeschlossen. \u00c4nderungen an Inhalt und Angeboten sind jederzeit m\u00f6glich. Trotz gr\u00f6sster Sorgfalt k\u00f6nnen technische oder typographische Fehler nicht ausgeschlossen werden.<\/p>\n<\/div>\n<\/div>\n","protected":false},"excerpt":{"rendered":"<p>Die Genossenschaft Trendsporthalle Olten ist ein Projekt mit dem Ziel der F\u00f6rderung des Skate- und Klettersports in der Region Olten und dem Betrieb einer Trendsporthalle! Weiterlesen: Die Trendsporthalle Momentum Olten wurde am 3. November 2018 an der Industriestrasse 142 in Olten er\u00f6ffnet. Jetzt alle wichtigen Infos zur Halle auf: www.momentumolten.ch Postadresse der Genossenschaft Genossenschaft Trendsporthalle&hellip;<\/p>\n","protected":false},"author":2,"featured_media":0,"parent":0,"menu_order":5,"comment_status":"closed","ping_status":"closed","template":"","meta":{"footnotes":""},"class_list":["post-37","page","type-page","status-publish","hentry"],"_links":{"self":[{"href":"https:\/\/www.trendsporthalleolten.ch\/wordpress\/wp-json\/wp\/v2\/pages\/37","targetHints":{"allow":["GET"]}}],"collection":[{"href":"https:\/\/www.trendsporthalleolten.ch\/wordpress\/wp-json\/wp\/v2\/pages"}],"about":[{"href":"https:\/\/www.trendsporthalleolten.ch\/wordpress\/wp-json\/wp\/v2\/types\/page"}],"author":[{"embeddable":true,"href":"https:\/\/www.trendsporthalleolten.ch\/wordpress\/wp-json\/wp\/v2\/users\/2"}],"replies":[{"embeddable":true,"href":"https:\/\/www.trendsporthalleolten.ch\/wordpress\/wp-json\/wp\/v2\/comments?post=37"}],"version-history":[{"count":47,"href":"https:\/\/www.trendsporthalleolten.ch\/wordpress\/wp-json\/wp\/v2\/pages\/37\/revisions"}],"predecessor-version":[{"id":939,"href":"https:\/\/www.trendsporthalleolten.ch\/wordpress\/wp-json\/wp\/v2\/pages\/37\/revisions\/939"}],"wp:attachment":[{"href":"https:\/\/www.trendsporthalleolten.ch\/wordpress\/wp-json\/wp\/v2\/media?parent=37"}],"curies":[{"name":"wp","href":"https:\/\/api.w.org\/{rel}","templated":true}]}}