{"id":350,"date":"2019-05-16T21:55:17","date_gmt":"2019-05-16T21:55:17","guid":{"rendered":"http:\/\/trendsporthalleolten.ch\/?page_id=350"},"modified":"2022-05-15T16:33:09","modified_gmt":"2022-05-15T16:33:09","slug":"mitgliedschaft","status":"publish","type":"page","link":"https:\/\/www.trendsporthalleolten.ch\/wordpress\/mitgliedschaft\/","title":{"rendered":"Mitgliedschaft"},"content":{"rendered":"<p>Die Genossenschaft strebt eine breite Tr\u00e4gerschaft der Trendsporthalle an und hat die Einstiegsh\u00fcrde zur Mitgliedschaft mit 500 CHF tief angesetzt. F\u00fcr junge Menschen bieten wir ausserdem Junior-Anteilscheine f\u00fcr 250 CHF an! Genossenschafter erhalten ab dem ersten Betriebsjahr der Halle freie Eintritte als &#8222;Verzinsung&#8220; und unsere G\u00f6nner zus\u00e4tzliche Rabatt auf ein Abo im Momentum. Daher gleich jetzt der Genossenschaft Trendsporthalle Olten beitreten!<\/p>\n<p>Die Ziele der Genossenschaft, sowie alle Rechte und Pflichten der GenossenschafterInnen k\u00f6nnen Sie in den Statuten der Genossenschaft Trendsporthalle Olten nachlesen: <a href=\"https:\/\/www.trendsporthalleolten.ch\/wordpress\/wp-content\/uploads\/2019\/07\/Statuten_Genossenschaft-Trendsporthalle-Olten_Juni19.pdf\" target=\"_blank\" rel=\"noopener noreferrer\">Statuten als PDF zum Download<\/a><\/p>\n<p>F\u00fcr den Antrag zum Beitritt zur Genossenschaft Trendsporthalle Olten bitte die nachfolgenden Daten vollst\u00e4ndig ausf\u00fcllen, diese werden dem Register der Genossenschafter beigef\u00fcgt. Wir behandeln s\u00e4mtliche Daten vertraulich und geben sie nicht an Dritte weiter!<\/p>\n<p><img loading=\"lazy\" decoding=\"async\" class=\"aligncenter wp-image-811 size-full\" src=\"https:\/\/www.trendsporthalleolten.ch\/wordpress\/wp-content\/uploads\/2019\/05\/anteilschein-vorteile-e1584386738931.jpg\" alt=\"Anteilschein Vorteile\" width=\"566\" height=\"436\" srcset=\"https:\/\/www.trendsporthalleolten.ch\/wordpress\/wp-content\/uploads\/2019\/05\/anteilschein-vorteile-e1584386738931.jpg 566w, https:\/\/www.trendsporthalleolten.ch\/wordpress\/wp-content\/uploads\/2019\/05\/anteilschein-vorteile-e1584386738931-300x231.jpg 300w\" sizes=\"auto, (max-width: 566px) 100vw, 566px\" \/><\/p>\n\n<div class=\"wpcf7 no-js\" id=\"wpcf7-f799-o1\" lang=\"de-DE\" dir=\"ltr\" data-wpcf7-id=\"799\">\n<div class=\"screen-reader-response\"><p role=\"status\" aria-live=\"polite\" aria-atomic=\"true\"><\/p> <ul><\/ul><\/div>\n<form action=\"\/wordpress\/wp-json\/wp\/v2\/pages\/350#wpcf7-f799-o1\" method=\"post\" class=\"wpcf7-form init\" aria-label=\"Kontaktformular\" novalidate=\"novalidate\" data-status=\"init\">\n<fieldset class=\"hidden-fields-container\"><input type=\"hidden\" name=\"_wpcf7\" value=\"799\" \/><input type=\"hidden\" name=\"_wpcf7_version\" value=\"6.1\" \/><input type=\"hidden\" name=\"_wpcf7_locale\" value=\"de_DE\" \/><input type=\"hidden\" name=\"_wpcf7_unit_tag\" value=\"wpcf7-f799-o1\" \/><input type=\"hidden\" name=\"_wpcf7_container_post\" value=\"0\" \/><input type=\"hidden\" name=\"_wpcf7_posted_data_hash\" value=\"\" \/>\n<\/fieldset>\n<p><label> <span style=\"font-weight:bold\">Vorname *<\/span><br \/>\n<span class=\"wpcf7-form-control-wrap\" data-name=\"your-firstname\"><input size=\"40\" maxlength=\"400\" class=\"wpcf7-form-control wpcf7-text wpcf7-validates-as-required\" aria-required=\"true\" aria-invalid=\"false\" value=\"\" type=\"text\" name=\"your-firstname\" \/><\/span> <\/label>\n<\/p>\n<p>Da Vornamen nicht immer eindeutig sind, bitte Geschlecht angeben.\n<\/p>\n<p><span class=\"wpcf7-form-control-wrap\" data-name=\"radio-sex\"><span class=\"wpcf7-form-control wpcf7-radio\"><span class=\"wpcf7-list-item first\"><input type=\"radio\" name=\"radio-sex\" value=\"m\u00e4nnlich\" \/><span class=\"wpcf7-list-item-label\">m\u00e4nnlich<\/span><\/span><span class=\"wpcf7-list-item last\"><input type=\"radio\" name=\"radio-sex\" value=\"weiblich\" \/><span class=\"wpcf7-list-item-label\">weiblich<\/span><\/span><\/span><\/span>\n<\/p>\n<p><label> <span style=\"font-weight:bold\">Nachname *<\/span><br \/>\n<span class=\"wpcf7-form-control-wrap\" data-name=\"your-lastname\"><input size=\"40\" maxlength=\"400\" class=\"wpcf7-form-control wpcf7-text wpcf7-validates-as-required\" aria-required=\"true\" aria-invalid=\"false\" value=\"\" type=\"text\" name=\"your-lastname\" \/><\/span> <\/label>\n<\/p>\n<p><label> <span style=\"font-weight:bold\">Firma, Verein, Organisation<\/span><br \/>\nFalls Sie eine Firma, einen Verein oder eine Organisation f\u00fcr die Genossenschaft anmelden m\u00f6chten, hier bitte den Firmennamen angeben. Die Felder f\u00fcr Vorname und Nachname werden dann lediglich f\u00fcr das erfassen eines Ansprechpartners genutzt.<br \/>\n<span class=\"wpcf7-form-control-wrap\" data-name=\"your-org\"><input size=\"40\" maxlength=\"400\" class=\"wpcf7-form-control wpcf7-text\" aria-invalid=\"false\" value=\"\" type=\"text\" name=\"your-org\" \/><\/span> <\/label>\n<\/p>\n<p><label> <span style=\"font-weight:bold\">Strasse\/Nr. *<\/span><br \/>\n<span class=\"wpcf7-form-control-wrap\" data-name=\"your-street\"><input size=\"40\" maxlength=\"400\" class=\"wpcf7-form-control wpcf7-text wpcf7-validates-as-required\" aria-required=\"true\" aria-invalid=\"false\" value=\"\" type=\"text\" name=\"your-street\" \/><\/span> <\/label>\n<\/p>\n<p><label> <span style=\"font-weight:bold\">PLZ *<\/span><br \/>\n<span class=\"wpcf7-form-control-wrap\" data-name=\"your-zipcode\"><input size=\"40\" maxlength=\"400\" class=\"wpcf7-form-control wpcf7-text wpcf7-validates-as-required\" aria-required=\"true\" aria-invalid=\"false\" value=\"\" type=\"text\" name=\"your-zipcode\" \/><\/span> <\/label>\n<\/p>\n<p><label> <span style=\"font-weight:bold\">Ort *<\/span><br \/>\n<span class=\"wpcf7-form-control-wrap\" data-name=\"your-location\"><input size=\"40\" maxlength=\"400\" class=\"wpcf7-form-control wpcf7-text wpcf7-validates-as-required\" aria-required=\"true\" aria-invalid=\"false\" value=\"\" type=\"text\" name=\"your-location\" \/><\/span> <\/label>\n<\/p>\n<p><label> <span style=\"font-weight:bold\">Land<\/span><br \/>\nNur ausf\u00fcllen wenn im Ausland<br \/>\n<span class=\"wpcf7-form-control-wrap\" data-name=\"your-country\"><input size=\"40\" maxlength=\"400\" class=\"wpcf7-form-control wpcf7-text\" aria-invalid=\"false\" value=\"\" type=\"text\" name=\"your-country\" \/><\/span> <\/label>\n<\/p>\n<p><label> <span style=\"font-weight:bold\">Geburtsdatum *<\/span><br \/>\nMinderj\u00e4hrige k\u00f6nnen auch Genossenschafter werden, ben\u00f6tigen aber die Zustimmung eines Erziehungsberechtigten!<br \/>\n<span class=\"wpcf7-form-control-wrap\" data-name=\"your-birthdate\"><input class=\"wpcf7-form-control wpcf7-date wpcf7-validates-as-required wpcf7-validates-as-date\" aria-required=\"true\" aria-invalid=\"false\" value=\"\" type=\"date\" name=\"your-birthdate\" \/><\/span> <\/label>\n<\/p>\n<p><label> <span style=\"font-weight:bold\">E-Mail-Adresse *<\/span><br \/>\n<span class=\"wpcf7-form-control-wrap\" data-name=\"your-email\"><input size=\"40\" maxlength=\"400\" class=\"wpcf7-form-control wpcf7-email wpcf7-validates-as-required wpcf7-text wpcf7-validates-as-email\" aria-required=\"true\" aria-invalid=\"false\" value=\"\" type=\"email\" name=\"your-email\" \/><\/span> <\/label>\n<\/p>\n<p><label> <span style=\"font-weight:bold\">Telefonnummer <\/span><br \/>\nOptional, nur f\u00fcr die Kontaktaufnahme in speziellen F\u00e4llen.<br \/>\n<span class=\"wpcf7-form-control-wrap\" data-name=\"your-tel\"><input size=\"40\" maxlength=\"400\" class=\"wpcf7-form-control wpcf7-tel wpcf7-text wpcf7-validates-as-tel\" aria-invalid=\"false\" value=\"\" type=\"tel\" name=\"your-tel\" \/><\/span> <\/label>\n<\/p>\n<p><label> <span style=\"font-weight:bold\">Anteilschein in CHF *<\/span><br \/>\nW\u00e4hlen Sie Ihren Anteilsschein. (Vielfache von 250 CHF sind m\u00f6glich.)<\/label><br \/>\n<span class=\"wpcf7-form-control-wrap\" data-name=\"your-share\"><span class=\"wpcf7-form-control wpcf7-radio\"><span class=\"wpcf7-list-item first\"><input type=\"radio\" name=\"your-share\" value=\"Junior - 250 CHF\" \/><span class=\"wpcf7-list-item-label\">Junior - 250 CHF<\/span><\/span><span class=\"wpcf7-list-item\"><input type=\"radio\" name=\"your-share\" value=\"Senior - 500 CHF\" checked=\"checked\" \/><span class=\"wpcf7-list-item-label\">Senior - 500 CHF<\/span><\/span><span class=\"wpcf7-list-item\"><input type=\"radio\" name=\"your-share\" value=\"G\u00f6nner - 1000 CHF\" \/><span class=\"wpcf7-list-item-label\">G\u00f6nner - 1000 CHF<\/span><\/span><span class=\"wpcf7-list-item\"><input type=\"radio\" name=\"your-share\" value=\"G\u00f6nner - 5000 CHF\" \/><span class=\"wpcf7-list-item-label\">G\u00f6nner - 5000 CHF<\/span><\/span><span class=\"wpcf7-list-item last has-free-text\"><input type=\"radio\" name=\"your-share\" value=\"Sonstiges:\" \/><span class=\"wpcf7-list-item-label\">Sonstiges:<\/span> <input type=\"text\" name=\"_wpcf7_free_text_your-share\" class=\"wpcf7-free-text\" \/><\/span><\/span><\/span>\n<\/p>\n<p><label> <span style=\"font-weight:bold\">Kommentar<\/span><br \/>\nWollen Sie uns noch etwas mitteilen? Wir sind dankbar f\u00fcr jede Anregung! Oder wollen Sie sich gerne praktisch einbringen? Dann schreiben Sie uns etwas zu Ihren St\u00e4rken. Wir sind dankbar f\u00fcr jede Hilfe!<br \/>\n<span class=\"wpcf7-form-control-wrap\" data-name=\"your-comment\"><textarea cols=\"40\" rows=\"10\" maxlength=\"2000\" class=\"wpcf7-form-control wpcf7-textarea\" aria-invalid=\"false\" name=\"your-comment\"><\/textarea><\/span> <\/label>\n<\/p>\n<p><label> <span style=\"font-weight:bold\"><\/span><br \/>\nBitte beantworte folgende Sicherheitsfrage:<br \/>\n<span class=\"wpcf7-form-control-wrap\" data-name=\"math-quiz\"><label><span class=\"wpcf7-quiz-label\">34:2=?<\/span> <input size=\"40\" class=\"wpcf7-form-control wpcf7-quiz\" autocomplete=\"off\" aria-required=\"true\" aria-invalid=\"false\" type=\"text\" name=\"math-quiz\" \/><\/label><input type=\"hidden\" name=\"_wpcf7_quiz_answer_math-quiz\" value=\"4b285e2675c15af3797208ff9ca8461d\" \/><\/span> <\/label>\n<\/p>\n<p><input class=\"wpcf7-form-control wpcf7-submit has-spinner\" type=\"submit\" value=\"Senden\" \/>\n<\/p><p style=\"display: none !important;\" class=\"akismet-fields-container\" data-prefix=\"_wpcf7_ak_\"><label>&#916;<textarea name=\"_wpcf7_ak_hp_textarea\" cols=\"45\" rows=\"8\" maxlength=\"100\"><\/textarea><\/label><input type=\"hidden\" id=\"ak_js_1\" name=\"_wpcf7_ak_js\" value=\"222\"\/><script>document.getElementById( \"ak_js_1\" ).setAttribute( \"value\", ( new Date() ).getTime() );<\/script><\/p><div class=\"wpcf7-response-output\" aria-hidden=\"true\"><\/div>\n<\/form>\n<\/div>\n\n<hr \/>\n<p><strong>Anteilschein<\/strong><br \/>\nNach Einzahlung des Mitgliederbeitrags wird Ihnen\/Dir die Aufnahme in die Genossenschaft in Form einer digitalen Mitgliedsurkunde per e-Mail best\u00e4tigt. Da dies kein automatisierter Prozess ist, sammeln wir die Anmeldungen und verschicken die neuen Anteilscheine jeweils Ende Monat.<\/p>\n<p><strong>Newsletter<\/strong><br \/>\nAusserdem versenden wir immer im Nachgang zu unseren Arbeitstreffen einen ausf\u00fchrlichen Newsletter an alle Mitglieder. Die Arbeitstreffen finden ca. alle 3 Monate statt. Mitglieder k\u00f6nnen bei Interesse gerne teilnehmen. Einfach vorher eine Information senden an <a href=\"mailto:info@trendsporthalleolten.ch\">info@trendsporthalleolten.ch<\/a><\/p>\n<p><strong>Konto<\/strong><br \/>\nDen gew\u00e4hlten Betrag bitte einzahlen auf<br \/>\nBank-Konto-Nr.: 261 -106311.01U<br \/>\nIBAN: CH12 0026 1261 1063 1101 U<br \/>\nBIC: UBSWCHZH80A<br \/>\nInhaber: Genossenschaft Trendsporthalle Olten<\/p>\n<p>Beim Verwendungszweck bitte &#8222;Vorname Nachname Geburtsdatum&#8220; angeben. Merci!<\/p>\n","protected":false},"excerpt":{"rendered":"<p>Die Genossenschaft strebt eine breite Tr\u00e4gerschaft der Trendsporthalle an und hat die Einstiegsh\u00fcrde zur Mitgliedschaft mit 500 CHF tief angesetzt. F\u00fcr junge Menschen bieten wir ausserdem Junior-Anteilscheine f\u00fcr 250 CHF an! Genossenschafter erhalten ab dem ersten Betriebsjahr der Halle freie Eintritte als &#8222;Verzinsung&#8220; und unsere G\u00f6nner zus\u00e4tzliche Rabatt auf ein Abo im Momentum. Daher gleich&hellip;<\/p>\n","protected":false},"author":8,"featured_media":0,"parent":0,"menu_order":0,"comment_status":"closed","ping_status":"closed","template":"","meta":{"footnotes":""},"class_list":["post-350","page","type-page","status-publish","hentry"],"_links":{"self":[{"href":"https:\/\/www.trendsporthalleolten.ch\/wordpress\/wp-json\/wp\/v2\/pages\/350","targetHints":{"allow":["GET"]}}],"collection":[{"href":"https:\/\/www.trendsporthalleolten.ch\/wordpress\/wp-json\/wp\/v2\/pages"}],"about":[{"href":"https:\/\/www.trendsporthalleolten.ch\/wordpress\/wp-json\/wp\/v2\/types\/page"}],"author":[{"embeddable":true,"href":"https:\/\/www.trendsporthalleolten.ch\/wordpress\/wp-json\/wp\/v2\/users\/8"}],"replies":[{"embeddable":true,"href":"https:\/\/www.trendsporthalleolten.ch\/wordpress\/wp-json\/wp\/v2\/comments?post=350"}],"version-history":[{"count":18,"href":"https:\/\/www.trendsporthalleolten.ch\/wordpress\/wp-json\/wp\/v2\/pages\/350\/revisions"}],"predecessor-version":[{"id":870,"href":"https:\/\/www.trendsporthalleolten.ch\/wordpress\/wp-json\/wp\/v2\/pages\/350\/revisions\/870"}],"wp:attachment":[{"href":"https:\/\/www.trendsporthalleolten.ch\/wordpress\/wp-json\/wp\/v2\/media?parent=350"}],"curies":[{"name":"wp","href":"https:\/\/api.w.org\/{rel}","templated":true}]}}