{"id":22,"date":"2017-10-21T14:18:57","date_gmt":"2017-10-21T14:18:57","guid":{"rendered":"http:\/\/trendsporthalleolten.ch\/wordpress\/?page_id=22"},"modified":"2019-03-15T21:01:02","modified_gmt":"2019-03-15T21:01:02","slug":"konzept","status":"publish","type":"page","link":"https:\/\/www.trendsporthalleolten.ch\/wordpress\/konzept\/","title":{"rendered":"Konzept"},"content":{"rendered":"<p>Die Genossenschaft Trendsporthalle Olten ist ein Projekt mit dem Ziel der F\u00f6rderung des Skate- und Klettersports in der Region Olten und dem Betrieb einer Trendsporthalle!<\/p>\n<p>Aktuell: <a href=\"https:\/\/www.trendsporthalleolten.ch\/wordpress\/momentum-ist-offen\/\">Die Trendsporthalle Momentum Olten wurde am 3. November 2018 an der Industriestrasse 142 in Olten er\u00f6ffnet.<\/a><\/p>\n<p>Jetzt alle wichtigen Infos zur neuen Halle auf: <a href=\"http:\/\/www.momentumolten.ch\">www.momentumolten.ch<\/a><\/p>\n<p>&nbsp;<\/p>\n<hr \/>\n<p>Unsere Vision ist eine Trendsporthalle, die Skatern und Kletterern der Region Olten ganzj\u00e4hrig einen attraktiven Ort zur Aus\u00fcbung ihres Sports bietet und dabei finanziell unabh\u00e4ngig ist. Insbesondere der direkte Einbezug der Jugendf\u00f6rderung und die Verbindung verschiedener Sportarten und -szenen an einem Ort werden die Trendsporthalle Olten einzigartig machen.<\/p>\n<p><a href=\"https:\/\/www.trendsporthalleolten.ch\/wordpress\/wp-content\/uploads\/2015\/08\/Trendsporthalle_Olten_Projektpr\u00e4sentation_201710.pdf\">Die Projektpr\u00e4sentation als PDF zum Download<\/a> oder direkt hier lesen:<\/p>\n<p><code><iframe loading=\"lazy\" class=\"pdfjs-viewer\" width=\"600px\" height=\"450px\" src=\"https:\/\/www.trendsporthalleolten.ch\/wordpress\/wp-content\/plugins\/pdf-viewer\/stable\/web\/viewer.html?file=https:\/\/www.trendsporthalleolten.ch\/wordpress\/wp-content\/uploads\/2015\/08\/Trendsporthalle_Olten_Projektpr%C3%A4sentation_201710.pdf\"><\/iframe> <\/code><\/p>\n<p><a href=\"https:\/\/www.trendsporthalleolten.ch\/wordpress\/wp-content\/uploads\/2015\/08\/konzept_trendsporthalle_olten_20150922_web.pdf\" target=\"_blank\" rel=\"noopener noreferrer\">Das Konzeptpapier als PDF zum Download<\/a> oder direkt hier lesen:<\/p>\n<p><code><iframe loading=\"lazy\" class=\"pdfjs-viewer\" width=\"600px\" height=\"850px\" src=\"https:\/\/www.trendsporthalleolten.ch\/wordpress\/wp-content\/plugins\/pdf-viewer\/stable\/web\/viewer.html?file=https:\/\/www.trendsporthalleolten.ch\/wordpress\/wp-content\/uploads\/2015\/08\/konzept_trendsporthalle_olten_20150922_web.pdf\"><\/iframe> <\/code><\/p>\n","protected":false},"excerpt":{"rendered":"<p>Die Genossenschaft Trendsporthalle Olten ist ein Projekt mit dem Ziel der F\u00f6rderung des Skate- und Klettersports in der Region Olten und dem Betrieb einer Trendsporthalle! Aktuell: Die Trendsporthalle Momentum Olten wurde am 3. November 2018 an der Industriestrasse 142 in Olten er\u00f6ffnet. Jetzt alle wichtigen Infos zur neuen Halle auf: www.momentumolten.ch &nbsp; Unsere Vision ist&hellip;<\/p>\n","protected":false},"author":1,"featured_media":0,"parent":0,"menu_order":1,"comment_status":"closed","ping_status":"closed","template":"","meta":{"footnotes":""},"class_list":["post-22","page","type-page","status-publish","hentry"],"_links":{"self":[{"href":"https:\/\/www.trendsporthalleolten.ch\/wordpress\/wp-json\/wp\/v2\/pages\/22","targetHints":{"allow":["GET"]}}],"collection":[{"href":"https:\/\/www.trendsporthalleolten.ch\/wordpress\/wp-json\/wp\/v2\/pages"}],"about":[{"href":"https:\/\/www.trendsporthalleolten.ch\/wordpress\/wp-json\/wp\/v2\/types\/page"}],"author":[{"embeddable":true,"href":"https:\/\/www.trendsporthalleolten.ch\/wordpress\/wp-json\/wp\/v2\/users\/1"}],"replies":[{"embeddable":true,"href":"https:\/\/www.trendsporthalleolten.ch\/wordpress\/wp-json\/wp\/v2\/comments?post=22"}],"version-history":[{"count":28,"href":"https:\/\/www.trendsporthalleolten.ch\/wordpress\/wp-json\/wp\/v2\/pages\/22\/revisions"}],"predecessor-version":[{"id":779,"href":"https:\/\/www.trendsporthalleolten.ch\/wordpress\/wp-json\/wp\/v2\/pages\/22\/revisions\/779"}],"wp:attachment":[{"href":"https:\/\/www.trendsporthalleolten.ch\/wordpress\/wp-json\/wp\/v2\/media?parent=22"}],"curies":[{"name":"wp","href":"https:\/\/api.w.org\/{rel}","templated":true}]}}