{"id":152,"date":"2015-01-25T14:38:55","date_gmt":"2015-01-25T14:38:55","guid":{"rendered":"http:\/\/trendsporthalleolten.ch\/?page_id=152"},"modified":"2025-07-24T13:08:55","modified_gmt":"2025-07-24T13:08:55","slug":"ueber-uns","status":"publish","type":"page","link":"https:\/\/www.trendsporthalleolten.ch\/wordpress\/ueber-uns\/","title":{"rendered":"\u00dcber uns"},"content":{"rendered":"<p>Wir sind eine buntgemischte Gemeinschaft mit einem gemeinsamen Ziel: Den Skate- und Klettersport in der Region Olten zu f\u00f6rdern und die Trendsporthalle auszubauen und zu etablieren! So vielseitig wie unser Projekt, sind auch die involvierten Pers\u00f6nlichkeiten im Hintergrund.<\/p>\n<hr \/>\n<h2><em><strong>Die Menschen und die Struktur hinter dem Projekt<br \/>\n<\/strong><\/em><\/h2>\n<p>Die Genossenschaft wird aktuell von einem Vorstand aus 4 Personen geleitet:<\/p>\n<table>\n<tbody>\n<tr>\n<th width=\"150\"><a href=\"https:\/\/www.trendsporthalleolten.ch\/wordpress\/alex\/\" target=\"_blank\" rel=\"noopener noreferrer\"><img loading=\"lazy\" decoding=\"async\" class=\"wp-image-159 size-thumbnail\" src=\"https:\/\/www.trendsporthalleolten.ch\/wordpress\/wp-content\/uploads\/2015\/01\/alex_cyan-150x150.jpg\" alt=\"\" width=\"150\" height=\"150\" \/><\/a><\/th>\n<th width=\"150\"><a href=\"https:\/\/www.trendsporthalleolten.ch\/wordpress\/wp-content\/uploads\/2015\/01\/mann_cyan.jpg\"><img loading=\"lazy\" decoding=\"async\" class=\"alignnone wp-image-171 size-thumbnail\" src=\"https:\/\/www.trendsporthalleolten.ch\/wordpress\/wp-content\/uploads\/2015\/01\/mann_cyan-150x150.jpg\" alt=\"\" width=\"150\" height=\"150\" \/><\/a><\/th>\n<th width=\"150\"><img loading=\"lazy\" decoding=\"async\" class=\"alignone wp-image-183 size-thumbnail\" src=\"https:\/\/www.trendsporthalleolten.ch\/wordpress\/wp-content\/uploads\/2015\/01\/markus_cyan-150x150.jpg\" alt=\"\" width=\"150\" height=\"150\" \/><\/th>\n<th width=\"150\"><a href=\"https:\/\/www.trendsporthalleolten.ch\/wordpress\/wp-content\/uploads\/2015\/01\/mann_cyan.jpg\"><img loading=\"lazy\" decoding=\"async\" class=\"alignnone wp-image-171 size-thumbnail\" src=\"https:\/\/www.trendsporthalleolten.ch\/wordpress\/wp-content\/uploads\/2015\/01\/mann_cyan-150x150.jpg\" alt=\"\" width=\"150\" height=\"150\" \/><\/a><\/th>\n<\/tr>\n<tr>\n<th>Alexander Troitzsch<br \/>\n<span style=\"color: #056d9c;\">Pr\u00e4sident<\/span><\/th>\n<th>Carlo Valsangiacomo<br \/>\n<span style=\"color: #056d9c;\">Leiter Finanzen<\/span><\/th>\n<th>Markus<br \/>\nBerger<br \/>\n<span style=\"color: #056d9c;\">Leiter Klettern<\/span><\/th>\n<th>Mike<br \/>\nWullschleger<br \/>\n<span style=\"color: #056d9c;\">Leiter Skaten<br \/>\n<\/span><\/th>\n<\/tr>\n<tr>\n<td>Klettern<br \/>\nArgentinien<br \/>\nProjektleiter<br \/>\nFamilienvater<br \/>\nFotografie<\/td>\n<td>Trailrunning<br \/>\nTessin<br \/>\nInformatiker<br \/>\nSwisscom<br \/>\nFamilienvater<\/td>\n<td>Bergsport<br \/>\nMechaniker<br \/>\nIndustrie<br \/>\nFamilienvater<br \/>\nSchulsport<\/td>\n<td><span lang=\"DE\">Jugend<br \/>\nSkateboarden<br \/>\n<\/span><span lang=\"DE\">Anpacker<br \/>\nDrop in<br \/>\nKurse<\/span><\/td>\n<\/tr>\n<\/tbody>\n<\/table>\n<hr \/>\n<p>dar\u00fcber hinaus sind weitere Unterst\u00fctzerinnen und Unterst\u00fctzen in folgenden Arbeitsgruppen aktiv:<\/p>\n<p><strong>Fundraising <\/strong>\/ Finanzen<br \/>\n<strong>Marketing<\/strong> \/ Events \/ PR<br \/>\n<strong>Jugendarbeit <\/strong>\/ Schulsport<br \/>\n<strong>Organisation<\/strong> \/ Verwaltung<br \/>\n<strong>&#8222;Tr\u00e4ume&#8220;<\/strong> \/ Ausbau \/ Neubau<br \/>\n<strong>Routenschrauben<\/strong> \/ Boulderausbau<\/p>\n<table>\n<tbody>\n<tr>\n<th width=\"150\"><strong><a href=\"https:\/\/www.trendsporthalleolten.ch\/wordpress\/wp-content\/uploads\/2015\/01\/frau_cyan.jpg\"><img loading=\"lazy\" decoding=\"async\" class=\"alignnone wp-image-172 size-thumbnail\" src=\"https:\/\/www.trendsporthalleolten.ch\/wordpress\/wp-content\/uploads\/2015\/01\/frau_cyan-150x150.jpg\" alt=\"\" width=\"150\" height=\"150\" \/><\/a><\/strong><\/th>\n<th width=\"150\"><a href=\"https:\/\/www.trendsporthalleolten.ch\/wordpress\/wp-content\/uploads\/2015\/01\/mann_cyan.jpg\"><img loading=\"lazy\" decoding=\"async\" class=\"alignnone wp-image-171 size-thumbnail\" src=\"https:\/\/www.trendsporthalleolten.ch\/wordpress\/wp-content\/uploads\/2015\/01\/mann_cyan-150x150.jpg\" alt=\"\" width=\"150\" height=\"150\" \/><\/a><\/th>\n<th width=\"150\"><a href=\"https:\/\/www.trendsporthalleolten.ch\/wordpress\/wp-content\/uploads\/2015\/01\/mann_cyan.jpg\"><img loading=\"lazy\" decoding=\"async\" class=\"alignnone wp-image-171 size-thumbnail\" src=\"https:\/\/www.trendsporthalleolten.ch\/wordpress\/wp-content\/uploads\/2015\/01\/mann_cyan-150x150.jpg\" alt=\"\" width=\"150\" height=\"150\" \/><\/a><\/th>\n<th width=\"150\"><a href=\"https:\/\/www.trendsporthalleolten.ch\/wordpress\/wp-content\/uploads\/2015\/01\/mann_cyan.jpg\"><img loading=\"lazy\" decoding=\"async\" class=\"alignnone wp-image-171 size-thumbnail\" src=\"https:\/\/www.trendsporthalleolten.ch\/wordpress\/wp-content\/uploads\/2015\/01\/mann_cyan-150x150.jpg\" alt=\"\" width=\"150\" height=\"150\" \/><\/a><\/th>\n<th width=\"150\"><a href=\"https:\/\/www.trendsporthalleolten.ch\/wordpress\/wp-content\/uploads\/2015\/01\/mann_cyan.jpg\"><img loading=\"lazy\" decoding=\"async\" class=\"alignnone wp-image-171 size-thumbnail\" src=\"https:\/\/www.trendsporthalleolten.ch\/wordpress\/wp-content\/uploads\/2015\/01\/mann_cyan-150x150.jpg\" alt=\"\" width=\"150\" height=\"150\" \/><\/a><\/th>\n<\/tr>\n<tr>\n<th><strong>Anna-Lea Wyss<\/strong><\/th>\n<th><strong>Dominik Lussi<\/strong><\/th>\n<th><strong>Dominik<\/strong><br \/>\n<strong>Vega<\/strong><\/th>\n<th><strong>Frank<br \/>\nUhlmann<\/strong><\/th>\n<th><strong>K\u00e4gi<\/strong><\/th>\n<\/tr>\n<tr>\n<td>Bouldern<br \/>\nSchrauben<br \/>\nKursleiterin<br \/>\nJugend und Kinder<\/td>\n<td>Boulder-Crack<br \/>\nSchrauben, Schrauben, Schrauben<\/td>\n<td>\n<div>Klettern<br \/>\nBergsport<br \/>\nBergf\u00fchrer-Aspirant<br \/>\nRoutenschrauben<br \/>\nKurse<\/div>\n<\/td>\n<td>\n<div>Sportklettern<\/div>\n<div>Hochtouren<\/div>\n<div>Skitouren<\/div>\n<div>SAC Olten<\/div>\n<div>Routenbau<\/div>\n<div>Kurse<\/div>\n<\/td>\n<td><span lang=\"DE\">Skate Park Bau<br \/>\nSkaten<br \/>\nAnpacker<\/span><\/td>\n<\/tr>\n<\/tbody>\n<\/table>\n<table>\n<tbody>\n<tr>\n<th width=\"150\"><a href=\"https:\/\/www.trendsporthalleolten.ch\/wordpress\/wp-content\/uploads\/2015\/01\/mann_cyan.jpg\"><img loading=\"lazy\" decoding=\"async\" class=\"alignnone wp-image-171 size-thumbnail\" src=\"https:\/\/www.trendsporthalleolten.ch\/wordpress\/wp-content\/uploads\/2015\/01\/mann_cyan-150x150.jpg\" alt=\"\" width=\"150\" height=\"150\" \/><\/a><\/th>\n<th width=\"150\"><strong><a href=\"https:\/\/www.trendsporthalleolten.ch\/wordpress\/wp-content\/uploads\/2015\/01\/frau_cyan.jpg\"><img loading=\"lazy\" decoding=\"async\" class=\"alignnone wp-image-172 size-thumbnail\" src=\"https:\/\/www.trendsporthalleolten.ch\/wordpress\/wp-content\/uploads\/2015\/01\/frau_cyan-150x150.jpg\" alt=\"\" width=\"150\" height=\"150\" \/><\/a><\/strong><\/th>\n<th width=\"150\"><a href=\"https:\/\/www.trendsporthalleolten.ch\/wordpress\/wp-content\/uploads\/2015\/01\/mann_cyan.jpg\"><img loading=\"lazy\" decoding=\"async\" class=\"alignnone wp-image-171 size-thumbnail\" src=\"https:\/\/www.trendsporthalleolten.ch\/wordpress\/wp-content\/uploads\/2015\/01\/mann_cyan-150x150.jpg\" alt=\"\" width=\"150\" height=\"150\" \/><\/a><\/th>\n<th width=\"150\"><strong><a href=\"https:\/\/www.trendsporthalleolten.ch\/wordpress\/wp-content\/uploads\/2015\/01\/frau_cyan.jpg\"><img loading=\"lazy\" decoding=\"async\" class=\"alignnone wp-image-172 size-thumbnail\" src=\"https:\/\/www.trendsporthalleolten.ch\/wordpress\/wp-content\/uploads\/2015\/01\/frau_cyan-150x150.jpg\" alt=\"\" width=\"150\" height=\"150\" \/><\/a><\/strong><\/th>\n<th width=\"150\"><strong><a href=\"https:\/\/www.trendsporthalleolten.ch\/wordpress\/wp-content\/uploads\/2015\/01\/frau_cyan.jpg\"><img loading=\"lazy\" decoding=\"async\" class=\"alignnone wp-image-172 size-thumbnail\" src=\"https:\/\/www.trendsporthalleolten.ch\/wordpress\/wp-content\/uploads\/2015\/01\/frau_cyan-150x150.jpg\" alt=\"\" width=\"150\" height=\"150\" \/><\/a><\/strong><\/th>\n<\/tr>\n<tr>\n<th><strong>Marcel<br \/>\nClopath<\/strong><\/th>\n<th><strong>Dani<\/strong><\/th>\n<th><strong>Mario<br \/>\nKropf<\/strong><\/th>\n<th><strong>Mirjam<\/strong><br \/>\n<strong>Utz<\/strong><\/th>\n<th><strong>Sabine Roth<\/strong><\/th>\n<\/tr>\n<tr>\n<td>\n<div><span lang=\"DE\">Skateboarden<br \/>\nSnowboarden Oldtimer-Fahrzeuge Techniker<\/span><\/div>\n<\/td>\n<td>\n<div>Finanzen<\/div>\n<div>Buchhaltung<\/div>\n<div>Hochtouren<br \/>\nMountainbiken<\/div>\n<\/td>\n<td><span lang=\"DE\">Skateboarden<\/span><br \/>\nAnpacker Ausbau Skate-Halle<br \/>\nEvents<\/td>\n<td>Bouldern<br \/>\n<span lang=\"DE\">Betriebsteam<\/span><br \/>\nKurswesen<br \/>\nKommunikation<\/td>\n<td>Mountainbiken<br \/>\n\u00c4rtzliche Betreuung<br \/>\nFundraising<\/td>\n<\/tr>\n<\/tbody>\n<\/table>\n<table>\n<tbody>\n<tr>\n<th width=\"150\"><a href=\"https:\/\/www.trendsporthalleolten.ch\/wordpress\/wp-content\/uploads\/2015\/01\/mann_cyan.jpg\"><img loading=\"lazy\" decoding=\"async\" class=\"alignnone wp-image-171 size-thumbnail\" src=\"https:\/\/www.trendsporthalleolten.ch\/wordpress\/wp-content\/uploads\/2015\/01\/mann_cyan-150x150.jpg\" alt=\"\" width=\"150\" height=\"150\" \/><\/a><\/th>\n<th width=\"150\"><a href=\"https:\/\/www.trendsporthalleolten.ch\/wordpress\/wp-content\/uploads\/2015\/01\/mann_cyan.jpg\"><img loading=\"lazy\" decoding=\"async\" class=\"alignnone wp-image-171 size-thumbnail\" src=\"https:\/\/www.trendsporthalleolten.ch\/wordpress\/wp-content\/uploads\/2015\/01\/mann_cyan-150x150.jpg\" alt=\"\" width=\"150\" height=\"150\" \/><\/a><\/th>\n<th width=\"150\"><a href=\"https:\/\/www.trendsporthalleolten.ch\/wordpress\/wp-content\/uploads\/2015\/01\/mann_cyan.jpg\"><img loading=\"lazy\" decoding=\"async\" class=\"alignnone wp-image-171 size-thumbnail\" src=\"https:\/\/www.trendsporthalleolten.ch\/wordpress\/wp-content\/uploads\/2015\/01\/mann_cyan-150x150.jpg\" alt=\"\" width=\"150\" height=\"150\" \/><\/a><\/th>\n<th width=\"150\"><a href=\"https:\/\/www.trendsporthalleolten.ch\/wordpress\/wp-content\/uploads\/2015\/01\/mann_cyan.jpg\"><img loading=\"lazy\" decoding=\"async\" class=\"alignnone wp-image-171 size-thumbnail\" src=\"https:\/\/www.trendsporthalleolten.ch\/wordpress\/wp-content\/uploads\/2015\/01\/mann_cyan-150x150.jpg\" alt=\"\" width=\"150\" height=\"150\" \/><\/a><\/th>\n<th width=\"150\"><a href=\"https:\/\/www.trendsporthalleolten.ch\/wordpress\/wp-content\/uploads\/2015\/01\/mann_cyan.jpg\"><img loading=\"lazy\" decoding=\"async\" class=\"alignnone wp-image-171 size-thumbnail\" src=\"https:\/\/www.trendsporthalleolten.ch\/wordpress\/wp-content\/uploads\/2015\/01\/mann_cyan-150x150.jpg\" alt=\"\" width=\"150\" height=\"150\" \/><\/a><\/th>\n<\/tr>\n<tr>\n<th><strong>Thomas<br \/>\nL\u00fcthi<\/strong><\/th>\n<th><strong>Thomas<br \/>\nWigger<\/strong><\/th>\n<th><strong>Tobias<\/strong><br \/>\n<strong>Flotron<\/strong><\/th>\n<th><strong>Yannick<br \/>\nWyss<\/strong><\/th>\n<th><strong>Adrian Ackermann<\/strong><\/th>\n<\/tr>\n<tr>\n<td>Klettern<br \/>\nOrganisator<br \/>\nSAC<br \/>\nUnterst\u00fctzer<\/td>\n<td>Bouldern<br \/>\nHandwerken<br \/>\nSchrauben<br \/>\nKurse<\/td>\n<td><span lang=\"DE\">Marketing<br \/>\nMedien<br \/>\nBetriebsteam<\/span><\/td>\n<td>Bouldern<br \/>\nHandwerken<br \/>\nSchrauben<\/td>\n<td>Skaten<br \/>\nMesse-Mgmt<br \/>\n<span lang=\"DE\">Betriebsteam<br \/>\n<\/span>Hauswart<\/td>\n<\/tr>\n<\/tbody>\n<\/table>\n<h2><span style=\"color: #000000;\"><em><strong>Bring Dich ein!<\/strong> <\/em><\/span><\/h2>\n<p>Wir suchen weitere aktive Mitglieder, die helfen unser Ziel zu erreichen!<\/p>\n<p>Aktuell suchen wir helfende H\u00e4nde in folgenden Bereichen: Buchhaltung (wer hat ein Flair f\u00fcr Zahlen?), Aktuariat (wer h\u00e4lt gern die F\u00e4den zusammen), Marketing (wer spielt gern auf der Klaviatur der Kommunikation) und auch in der Routenschraubgruppe f\u00fcr den Boulderbereich werden immer Talente gesucht.<\/p>\n<p>Wir freuen uns auf Eure <a href=\"https:\/\/www.trendsporthalleolten.ch\/wordpress\/kontakt\/\">Kontaktaufnahme<\/a>!<\/p>\n<p>Hier laden wir Euch ein, die Gr\u00fcnder des Projekts mit ihren Ideen kennen zu lernen:<\/p>\n<p><iframe loading=\"lazy\" src=\"https:\/\/www.youtube.com\/embed\/bD872E_vvkw?rel=0\" width=\"640\" height=\"360\" frameborder=\"0\" allowfullscreen=\"allowfullscreen\"><\/iframe><\/p>\n","protected":false},"excerpt":{"rendered":"<p>Wir sind eine buntgemischte Gemeinschaft mit einem gemeinsamen Ziel: Den Skate- und Klettersport in der Region Olten zu f\u00f6rdern und die Trendsporthalle auszubauen und zu etablieren! So vielseitig wie unser Projekt, sind auch die involvierten Pers\u00f6nlichkeiten im Hintergrund. Die Menschen und die Struktur hinter dem Projekt Die Genossenschaft wird aktuell von einem Vorstand aus 4&hellip;<\/p>\n","protected":false},"author":2,"featured_media":0,"parent":0,"menu_order":4,"comment_status":"closed","ping_status":"closed","template":"","meta":{"footnotes":""},"class_list":["post-152","page","type-page","status-publish","hentry"],"_links":{"self":[{"href":"https:\/\/www.trendsporthalleolten.ch\/wordpress\/wp-json\/wp\/v2\/pages\/152","targetHints":{"allow":["GET"]}}],"collection":[{"href":"https:\/\/www.trendsporthalleolten.ch\/wordpress\/wp-json\/wp\/v2\/pages"}],"about":[{"href":"https:\/\/www.trendsporthalleolten.ch\/wordpress\/wp-json\/wp\/v2\/types\/page"}],"author":[{"embeddable":true,"href":"https:\/\/www.trendsporthalleolten.ch\/wordpress\/wp-json\/wp\/v2\/users\/2"}],"replies":[{"embeddable":true,"href":"https:\/\/www.trendsporthalleolten.ch\/wordpress\/wp-json\/wp\/v2\/comments?post=152"}],"version-history":[{"count":112,"href":"https:\/\/www.trendsporthalleolten.ch\/wordpress\/wp-json\/wp\/v2\/pages\/152\/revisions"}],"predecessor-version":[{"id":934,"href":"https:\/\/www.trendsporthalleolten.ch\/wordpress\/wp-json\/wp\/v2\/pages\/152\/revisions\/934"}],"wp:attachment":[{"href":"https:\/\/www.trendsporthalleolten.ch\/wordpress\/wp-json\/wp\/v2\/media?parent=152"}],"curies":[{"name":"wp","href":"https:\/\/api.w.org\/{rel}","templated":true}]}}