{"id":10,"date":"2015-08-27T12:05:52","date_gmt":"2015-08-27T12:05:52","guid":{"rendered":"http:\/\/trendsporthalleolten.ch\/wordpress\/?page_id=10"},"modified":"2022-01-19T15:10:47","modified_gmt":"2022-01-19T15:10:47","slug":"fragen-antworten","status":"publish","type":"page","link":"https:\/\/www.trendsporthalleolten.ch\/wordpress\/fragen-antworten\/","title":{"rendered":"Fragen &#038; Antworten"},"content":{"rendered":"<p>Die Gr\u00fcndung der Genossenschaft Trendsporthalle Olten hat Aufmerksamkeit erregt und viele Fragen aufgeworfen.<\/p>\n<p>Hier die wichtigsten Antworten!<\/p>\n<p><em>FRAGEN ZUR GENOSSENSCHAFT<br \/>\n<\/em><\/p>\n<p><strong><em>Wie wird man Mitglied der Genossenschaft Trendsporthalle Olten?<\/em><\/strong><br \/>\nHier auf der Website <a href=\"https:\/\/www.trendsporthalleolten.ch\/wordpress\/sample-page\/\">das Anmeldeformular ausf\u00fcllen<\/a> und entsprechend dem gew\u00e4hlten Anteilsschein das Geld einzahlen. Fertig!<\/p>\n<p><strong><em>Was mache ich als \u00e4ltere Dame oder Herr mit einem Genossenschafts-Schein?<br \/>\n<\/em><\/strong>Der Klettersport und v.a. das Klettern in der Halle kennt keine Altersgrenze: Riccardo Cassin hat mit 80 Jahren noch \u201eseine\u201c Badile-Nordostwand durchstiegen und Paul Hunziker (der Gr\u00fcnder des Klettergarten Eppenberg) klettert bis ins hohe Alter noch 5c im Vorstieg! Wer aber trotzdem die Kletterschuhe oder das Skateboard an den Nagel geh\u00e4ngt hat, kann zum Beispiel seinen kletter- oder skate-begeisterten Kindern, Enkeln oder G\u00f6ttikindern eine Mitgliedschaft in der Genossenschaft schenken oder ihnen die eigenen Tageseintrittsgutscheine vermachen und so eine Freude bereiten. Genossenschafter erhalten bis zu 2 Tageseintritte kostenlos pro Jahr, die sich auch verschenken lassen.<\/p>\n<p><strong><em>Was hat man davon, wenn man Genossenschafter wird?<\/em><\/strong><br \/>\nWir sind der Meinung, dass es in Olten f\u00fcr Olten und die gesamte Region dringend eine Sporthalle braucht, wo Klettern, Skaten und vieles mehr m\u00f6glich ist. Als Genossenschafter zeigst du mit der Beteiligung, dass du dieses Vorhaben unterst\u00fctzt und dich an der Finanzierung beteiligst. Als Genossenschafter hast du ein Stimmrecht an der j\u00e4hrlichen Generalversammlung und kannst \u00fcber die Entwicklung mitbestimmen. Statt einem Zins bekommst du Eintritte, die du selber nutzen oder an Interessierte weiterschenken kannst. Zudem erhalten Genossenschafter mit einem Anteilsschein der &#8222;G\u00f6nner&#8220;-Stufe (Fr. 1000.-) eine Erm\u00e4ssigung auf Abos in der Halle.<\/p>\n<p><strong><em>Wie viel kostet ein Genossenschaftsschein?<\/em><\/strong><br \/>\nDu kannst einen beliebig hohen Beitrag leisten (ein Vielfaches von Fr. 250.-). Wir sind darauf angewiesen, dass uns m\u00f6glichst viele Personen nach M\u00f6glichkeit mit h\u00f6heren Betr\u00e4gen unterst\u00fctzen. Der Standard Genossenschaftsanteilsschein kostet Fr. 500.-. Damit aber auch Jugendliche mit finanziell beschr\u00e4nkten Mittel sich beteiligen k\u00f6nnen, haben wir den minimalen Beitrag auf Fr. 250.- festgelegt.<\/p>\n<p><strong><em>Wie kann ich den Mitgliedsbeitrag einzahlen? Wie lautet die Bankverbindung der Genossenschaft?<br \/>\n<\/em><\/strong>Den gew\u00e4hlten Betrag bitte einzahlen auf<br \/>\nBank-Konto-Nr.: 261 -106311.01U<br \/>\nIBAN: CH12 0026 1261 1063 1101 U<br \/>\nBIC: UBSWCHZH80A<br \/>\nInhaber: Genossenschaft Trendsporthalle Olten<br \/>\nBeim Verwendungszweck bitte &#8222;Vorname Nachname Geburstdatum&#8220; angeben. Merci!<\/p>\n<p><strong><em>Wie sicher ist mein Geld in der Genossenschaft?<\/em><\/strong><br \/>\nDas Genossenschaftskapital ist unser Eigenkapital, mit dem wir die n\u00f6tigen Investitionen f\u00fcr Halle, Einrichtung und erste Betriebsmonate finanzieren. Die Verwaltung der Genossenschaft wird vorsichtig investieren und so tiefe Risiken wie m\u00f6glich eingehen. Als Genossenschafter bist du beteiligt und wirst an der Generalversammlung genau informiert, wo wir investiert haben und k\u00fcnftig investieren wollen. Die beste Sicherheit f\u00fcr dein Geld hast du wenn du mithilfst, dass die Halle erfolgreich wird.<\/p>\n<p><strong><em>Kann ich den Anteilschein verkaufen?<\/em><\/strong><br \/>\nEin Anteilschein kann nicht wie eine Aktie zu einem Marktwert verkauft werden. Der Anteilschein kann aber einer anderen Person \u00fcbertragen werden, z.B. durch Erbe oder Schenkung.<\/p>\n<p><strong><em>Kann ich verlangen, dass mir mein Anteilschein wieder ausbezahlt wird?<\/em><\/strong><br \/>\nJa, das ist in den Statuten (<a href=\"https:\/\/www.trendsporthalleolten.ch\/wordpress\/wp-content\/uploads\/2015\/08\/Statuten_Genossenschaft-Trendsporthalle-Olten_Mai15.pdf\" target=\"_blank\" rel=\"noopener noreferrer\">Statuten als PDF zum Download<\/a>) vorgesehen. Jedoch brauch die Genossenschaft in den ersten Jahren Planungssicherheit, womit die erste R\u00fcckzahlung fr\u00fchestens per 31.12.2018 m\u00f6glich ist. Die R\u00fcckzahlung ist m\u00f6glich, wenn diese 6 Monate vor Ende des Kalenderjahrs schriftlich verlangt wird und sofern die Genossenschaft dadurch nicht in finanzielle Schwierigkeiten ger\u00e4t. Der Betrag der R\u00fcckzahlung h\u00e4ngt dann von der genehmigten Bilanz der Genossenschaft ab und kann laut Statuten den Nennwert des Anteilschein nicht \u00fcbersteigen.<\/p>\n<p><strong><em>Habe ich als Genossenschafter eine Nachschusspflicht, wenn die Genossenschaft finanzielle Probleme hat?<\/em><\/strong><br \/>\nNein, das ist in den Statuten klar ausgeschlossen. Die Genossenschaft haftet mit ihrem Genossenschaftskapital. Eine Nachschusspflicht gibt es nicht f\u00fcr die Mitglieder.<\/p>\n<p><strong><em>Wie oft werde ich zur Generalversammlung eingeladen?<\/em><\/strong><br \/>\nDie Generalversammlung findet mindestens j\u00e4hrlich statt, jeweils in der ersten Jahresh\u00e4lfte. Damit wir dich einladen k\u00f6nnen brauchen wir deinen Namen, Adresse und auch Email-Adresse, damit wir dich einfach und unkompliziert auf elektronischem Weg einladen k\u00f6nnen.<\/p>\n<p><em>RISIKEN<\/em><\/p>\n<p><strong id=\"yui_3_16_0_1_1445854593819_4410\">Join the Club of Optimistic People <\/strong>In Gespr\u00e4chen mit Interessenten kommt \u00f6fters die Frage, was machen wir mit dem Geld, wenn es nicht funktioniert mit der Halle. Bekommt man dann etwas zur\u00fcck? <span id=\"yiv2567751240yui_3_16_0_1_1445409260289_35658\">Es liegt in der Natur der Sache: ohne Risiko gibt es kein Projekt. Es braucht daher erster Linie <\/span><span id=\"yui_3_16_0_1_1445854593819_4422\">Vertrauen in die Idee und in die Menschen, die sich hier engagieren, sowie den Mut etwas zu wagen. <\/span>Konkret steht in den Statuten der Genossenschaft, dass bei einer Aufl\u00f6sung die verbliebenen Gelder entsprechend der Anteile zur\u00fcckgezahlt werden. <span id=\"yui_3_16_0_1_1445854593819_4421\">Und ganz wichtig, wir haben uns finanzielle Leitplanken gegeben, die helfen das Risiko zu minimieren und erfolgreich zu sein.<\/span><\/p>\n<p><em><span id=\"yiv2567751240yui_3_16_0_1_1445409260289_35658\">Finanzielle Leitplanken entlang der Projektphasen:<\/span><\/em><\/p>\n<p><strong id=\"yui_3_16_0_1_1445854593819_4411\"><span id=\"yui_3_16_0_1_1445854593819_4412\">Phase 1 &#8222;Aufbau Genossenschaft, Beschaffung Startkapital und Kl\u00e4rung Projektoptionen&#8220;<br \/>\n<\/span><\/strong><span id=\"yui_3_16_0_1_1445854593819_4417\"><span id=\"yiv2567751240yui_3_16_0_1_1445409260289_35658\">Wir verwenden ein Minimum des eingeworbenen Geldes und halten mit ehrenamtlicher Arbeit und Kostenbewusstsein die Ausgaben sehr tief. In dieser Phase riskiert somit jeder Genossenschafter nur einen geringen Teil seines Anteilscheins. Die Ausgaben in dieser Phase umfassen insbesondere Geb\u00fchren f\u00fcr das Handelsregister, f\u00fcr die Produktion von Medien und architektonische, sowie rechtliche Abkl\u00e4rungen. \u00dcber substantielle Verpflichtungen informieren wir jeweils transparent und fr\u00fchzeitig.<\/span><\/span><\/p>\n<p><span id=\"yiv2567751240yui_3_16_0_1_1445409260289_35658\"><span id=\"yui_3_16_0_1_1445854593819_4419\"><strong id=\"yiv2567751240yui_3_16_0_1_1445409260289_35898\">Phase 2<\/strong><\/span><\/span><span id=\"yiv2567751240yui_3_16_0_1_1445409260289_35658\"><span id=\"yui_3_16_0_1_1445854593819_4419\"><strong id=\"yui_3_16_0_1_1445854593819_4418\"> &#8222;Umsetzung Projekt&#8220;<br \/>\n<\/strong><\/span><\/span><span id=\"yiv2567751240yui_3_16_0_1_1445409260289_35658\"><span id=\"yui_3_16_0_1_1445854593819_4420\">Jetzt wird es konkret. Wir als Genossenschafter beschliessen gemeinsam ein konkretes Projekt umzusetzen<\/span><\/span><span id=\"yiv2567751240yui_3_16_0_1_1445409260289_35658\"><span id=\"yui_3_16_0_1_1445854593819_4420\">.<\/span><\/span><span id=\"yiv2567751240yui_3_16_0_1_1445409260289_35658\"><span id=\"yui_3_16_0_1_1445854593819_4420\"><strong id=\"yiv2567751240yui_3_16_0_1_1445409260289_35923\"> <\/strong><\/span><\/span><span id=\"yiv2567751240yui_3_16_0_1_1445409260289_35658\"><span id=\"yui_3_16_0_1_1445854593819_4420\">Durch professionelle Unterst\u00fctzung gew\u00e4hrleisten wir die Realisierung des Projektes im Rahmen des definierten Business Cases, der Qualit\u00e4tsstandards und den Bed\u00fcrfnissen der Nutzer.<\/span><\/span><\/p>\n<div dir=\"ltr\">\n<div id=\"yiv2567751240yui_3_16_0_1_1445409260289_35883\" dir=\"ltr\"><span id=\"yui_3_16_0_1_1445854593819_4420\"><span id=\"yiv2567751240yui_3_16_0_1_1445409260289_35658\"><strong id=\"yui_3_16_0_1_1445854593819_4454\">Phase 3<\/strong><\/span><\/span><span id=\"yui_3_16_0_1_1445854593819_4420\"><span id=\"yiv2567751240yui_3_16_0_1_1445409260289_35658\"><strong> &#8222;Betrieb der Halle&#8220;<\/strong><\/span><\/span><\/div>\n<div dir=\"ltr\"><span id=\"yui_3_16_0_1_1445854593819_4452\">Die Erfahrung von anderen Hallen zeigt, dass wir sehr schnell mit einer stabilen Zahl von sportbegeisterten Kunden rechnen d\u00fcrfen und das Projekt somit selbsttragend betrieben werden kann. <\/span><span id=\"yui_3_16_0_1_1445854593819_4452\"><span id=\"yui_3_16_0_1_1445854593819_4453\">Jetzt erhalten die Genossenschafter ihre Dividende mit Eintritten und einem tollen gemeinsamen Ort f\u00fcr ihren Sport in Olten. Die Optimisten haben gesiegt \ud83d\ude09<\/span><\/span><\/div>\n<div dir=\"ltr\">\n<div dir=\"ltr\"><\/div>\n<\/div>\n<\/div>\n<p><em>FRAGEN ZUR ZWISCHENNUTZUNG IN DER ALTEN BROCKI (Stand Herbst 2018)<br \/>\n<\/em><\/p>\n<p><span style=\"color: #003366;\"><strong>Jetzt alle wichtigen Infos zur neuen Halle auf:<\/strong><\/span> <a href=\"http:\/\/www.momentumolten.ch\">www.momentumolten.ch<\/a><\/p>\n<p>Aus Anlass der Betriebsaufnahme sammelten wir hier die Antworten zum Start der Trendsporthalle in der Alten Brocki in Olten:<\/p>\n<p><strong>Wann startet die Trendsporthalle in der Alten Brocki?<\/strong><br \/>\nIm Herbst 2018 geht es los. Zun\u00e4chst endet die Sommernutzung des Skatepark im Sportpark planm\u00e4ssig am 9. September, dann wird wie wild gez\u00fcgelt. Im Anschluss heisst es f\u00fcr ca. 6 Wochen Baustelle und danach wird es am vom 3. November ein tolles Er\u00f6ffnungsfest mit Namenstaufe der Halle geben. Ab dann werden ein genialer Boulderbereich und ein komplett renovierter Skatebereich Olten\u00a0ganzj\u00e4hrig attraktiver machen!<\/p>\n<p><strong><em>Wo ist eigentlich die Alte Brocki?<\/em><\/strong><br \/>\nAn der <a href=\"https:\/\/goo.gl\/maps\/UG5wxe4ZGQE2\">Industriestrasse 142<\/a> in Olten gleich neben dem beieindruckenden und 50m hohen Silo Olten \ud83d\ude09<\/p>\n<p><strong>Habt Ihr die Baubewilligung f\u00fcr den Betrieb in der Alten Brocki schon erhalten?<\/strong><br \/>\nDie Baubewilligung der Stadt Olten f\u00fcr die Umnutzung der Alten Brocki in eine Trendsporthalle liegt seit dem 5. September vor und nun l\u00e4uft die Produktion und der Einbau der Inneneinrichtung auf Hochtouren.<\/p>\n<p><strong><em>H\u00e4lt die Genossenschaft trotz der Er\u00f6ffnung der Zwischennutzung noch an dem Ziel fest, selber eine Kletterhalle zu bauen?<\/em><\/strong><br \/>\nEs ist weiterhin unser Ziel eine Lead-Kletterhalle auf dem Gel\u00e4nder vor der alten Brocki zu bauen. Die Machbarkeitsstudie inkl. Geb\u00e4udepl\u00e4ne ist weiterhin aktuell. Im Januar 2019 werden wir eine Bestandsaufnahme in Hinblick auf den Start in der Alten Brocki, der Entwicklung in Aarburg machen und dann planen, wie wir dieses Projekt voranbringen. Unsere Idee ist es, in Abh\u00e4ngigkeit von der Entwicklung in Aarburg und dem Bedarf in Alten den Schwerpunkt der Halle ggf. noch anzupassen. Ziel ist aber weiterhin: ein toller Raum f\u00fcr das Skaten und ein toller Raum f\u00fcr das Klettern und Bouldern im Endausbau.<\/p>\n<p>weitere Fragen und Antworten folgen ..<\/p>\n<p><em>ALLGEMEINE FRAGEN ZUM PROJEKT (Stand Sommer 2016)<br \/>\n<\/em><\/p>\n<p><strong><em>Warum eine Trendsporthalle und nicht einfach eine Kletterhalle?<\/em><\/strong><br \/>\nDie Zusammenf\u00fchrung verschiedener Trendsportarten und deren Vereine bringt eine gr\u00f6ssere Akzeptanz f\u00fcr das Projekt. Die Trendsporthalle wird in der Bev\u00f6lkerung breiter abgest\u00fctzt sein, da sie kein rein kommerzielles Ziel verfolgt, sondern Aspekte wie Jugend- und Vereinsarbeit integriert. Die Skater und Skaterinnen in Olten haben hierzu in den vergangenen Jahren mit der tempor\u00e4ren Skatehalle Olten bereits beachtliche Arbeit geleistet, sind etabliert und suchen ebenfalls dringend nach einem ganzj\u00e4hrigen Standort.<\/p>\n<p><strong><em>Warum eine Genossenschaft?<\/em><\/strong><br \/>\nDer Genossenschaft kann jede\/jeder Interessierte beitreten, wenn er einen Genossenschaftsschein von mindestens Fr. 250.- zeichnet. Die Genossenschaft hat sich dabei als Zweck gesetzt, ihren Mitgliedern Hallensport, insbesondere den Kletter- und Skatesport, zu m\u00f6glichst wirtschaftlichen Konditionen in der Region Olten bereit zu stellen und will dazu eine Sporthalle im Interesse ihrer Mitglieder in gemeinsamer Selbsthilfe betreiben. Es geht um ein in der Region breit abgest\u00fctztes Projekt von Sportlern f\u00fcr Sportler und nicht um das Projekt eines einzelnen Investors.<\/p>\n<p><strong><em>Wer steckt hinter der Genossenschaft?<\/em><\/strong><br \/>\nGr\u00fcndungsmitglieder sind als Skater Lee Aspinall und Marcel Clopath (beide Rollbr\u00e4tt Buebe Olte), als Kletterer Markus Berger, Markus Burger, Sabine Roth D\u00fcringer, Stefan Goerre, Christoph Koch, Alexander Troitzsch, Petra Waldburger und Lino Wilhelm (alle SAC Olten). Pr\u00e4sident der Genossenschaft ist Alexander Troitzsch. F\u00fcr die Kletterw\u00e4nde ist Markus Berger, f\u00fcr den Skate-Teil Lee Aspinall, f\u00fcr die Finanzen Christoph Koch, f\u00fcr die architektonische Hallenkonzeption Petra Waldburger und f\u00fcr die Interessen der Jugendlichen Lino Wilhelm verantwortlich.<\/p>\n<p><strong><em>Wo soll die Halle (ent)stehen?<\/em><\/strong><br \/>\nDie Halle muss vom Bahnhof Olten mit OeV einfach erreichbar sein und gen\u00fcgend Parkpl\u00e4tze f\u00fcr PW aufweisen. Daf\u00fcr bietet sich die Industriezone westlich vom Bahnhof Olten (Gerolag Areal) oder zum Beispiel das Gel\u00e4nde rund um Olten S\u00fcdwest an. Nach den Ergebnissen der ersten konkreten Gespr\u00e4che im Sommer 2015 existieren valide Optionen in der Stadt Olten und dabei sind sowohl Miete als auch Kauf denkbar.<\/p>\n<p><strong><em>Wann soll die Halle stehen?<\/em><\/strong><br \/>\nDas h\u00e4ngt davon ab, wie rasch die Finanzierung gelingt. Sobald das Geld zusammen ist, k\u00f6nnen wir loslegen. Vom Baubeginn bis zur Einweihung muss dann noch mit mindestens einem Jahr gerechnet werden.<\/p>\n<p><strong><em>Wie soll die Halle aussehen?<\/em><\/strong><br \/>\nWir denken an eine zeitgem\u00e4sse Trendsporthalle, die optimal auf die Skate-, Boulder- und Kletterbed\u00fcrfnisse zugeschnitten ist und gleichzeitig zum Verweilen einl\u00e4dt. Skater und Kletterer haben verschiedene Bed\u00fcrfnisse an eine Halle. W\u00e4hrend die Skater vor allem eine m\u00f6glichst grosse Halle mit gutem Boden und wenigen Pfeilern m\u00f6chten, w\u00fcnschen sich die Kletterer vor allem eine Mindesth\u00f6he von 15 Metern, attraktive Routengestaltung und spannende R\u00e4ume zum Bouldern, sowie eine ruhige Umgebung. Weiterhin soll die Halle den Anforderungen an Wettk\u00e4mpfe entsprechen. Eine Hallencafeteria soll neben Sportlern jeden Alters auch Quartierbewohner\/-nutzer anlocken.<\/p>\n<p><strong><em>Hat das Projekt Chancen, realisiert zu werden?<br \/>\n<\/em><\/strong>Ja, wir glauben fest daran. Wenn m\u00f6glichste viele Sportbegeisterte mitmachen und wenn es gelingt, zus\u00e4tzliche Sponsoren (Outdoor-Industrie, Versicherungen, Banken, grosse Oltner Firmen) zu finden. Wenn 2&#8217;000 Genossenschafter mit je einem Senior-Genossenschafts-Schein erwerben, haben wir ein Startkapital von circa Fr. 1&#8217;000&#8217;000.- beisammen. Das Projekt steht und f\u00e4llt mit der Solidarit\u00e4t unter Kletterern und Skatern und allen anderen Sportbegeisterten in der Region Olten.<\/p>\n<p><a href=\"https:\/\/www.trendsporthalleolten.ch\/wordpress\/wp-content\/uploads\/2015\/08\/klein_vision_2.jpg\"><img loading=\"lazy\" decoding=\"async\" class=\"wp-image-81 aligncenter size-full\" src=\"https:\/\/www.trendsporthalleolten.ch\/wordpress\/wp-content\/uploads\/2015\/08\/klein_vision_2.jpg\" alt=\"\" width=\"800\" height=\"300\" srcset=\"https:\/\/www.trendsporthalleolten.ch\/wordpress\/wp-content\/uploads\/2015\/08\/klein_vision_2.jpg 800w, https:\/\/www.trendsporthalleolten.ch\/wordpress\/wp-content\/uploads\/2015\/08\/klein_vision_2-300x113.jpg 300w\" sizes=\"auto, (max-width: 800px) 100vw, 800px\" \/><\/a><\/p>\n<div dir=\"ltr\">\n<div dir=\"ltr\">\n<div id=\"yiv2567751240yui_3_16_0_1_1445409260289_35883\" dir=\"ltr\"><\/div>\n<\/div>\n<\/div>\n","protected":false},"excerpt":{"rendered":"<p>Die Gr\u00fcndung der Genossenschaft Trendsporthalle Olten hat Aufmerksamkeit erregt und viele Fragen aufgeworfen. Hier die wichtigsten Antworten! FRAGEN ZUR GENOSSENSCHAFT Wie wird man Mitglied der Genossenschaft Trendsporthalle Olten? Hier auf der Website das Anmeldeformular ausf\u00fcllen und entsprechend dem gew\u00e4hlten Anteilsschein das Geld einzahlen. Fertig! Was mache ich als \u00e4ltere Dame oder Herr mit einem Genossenschafts-Schein?&hellip;<\/p>\n","protected":false},"author":1,"featured_media":0,"parent":0,"menu_order":2,"comment_status":"closed","ping_status":"closed","template":"","meta":{"footnotes":""},"class_list":["post-10","page","type-page","status-publish","hentry"],"_links":{"self":[{"href":"https:\/\/www.trendsporthalleolten.ch\/wordpress\/wp-json\/wp\/v2\/pages\/10","targetHints":{"allow":["GET"]}}],"collection":[{"href":"https:\/\/www.trendsporthalleolten.ch\/wordpress\/wp-json\/wp\/v2\/pages"}],"about":[{"href":"https:\/\/www.trendsporthalleolten.ch\/wordpress\/wp-json\/wp\/v2\/types\/page"}],"author":[{"embeddable":true,"href":"https:\/\/www.trendsporthalleolten.ch\/wordpress\/wp-json\/wp\/v2\/users\/1"}],"replies":[{"embeddable":true,"href":"https:\/\/www.trendsporthalleolten.ch\/wordpress\/wp-json\/wp\/v2\/comments?post=10"}],"version-history":[{"count":40,"href":"https:\/\/www.trendsporthalleolten.ch\/wordpress\/wp-json\/wp\/v2\/pages\/10\/revisions"}],"predecessor-version":[{"id":866,"href":"https:\/\/www.trendsporthalleolten.ch\/wordpress\/wp-json\/wp\/v2\/pages\/10\/revisions\/866"}],"wp:attachment":[{"href":"https:\/\/www.trendsporthalleolten.ch\/wordpress\/wp-json\/wp\/v2\/media?parent=10"}],"curies":[{"name":"wp","href":"https:\/\/api.w.org\/{rel}","templated":true}]}}